{"id":529,"date":"2020-09-08T04:49:58","date_gmt":"2020-09-08T04:49:58","guid":{"rendered":"http:\/\/wpdemo.archiwp.com\/maxbizz\/?page_id=529"},"modified":"2026-02-21T13:54:19","modified_gmt":"2026-02-21T12:54:19","slug":"rechtliche-hinweise","status":"publish","type":"page","link":"https:\/\/focusfinanz.com\/index.php\/rechtliche-hinweise\/","title":{"rendered":"RECHTLICHE HINWEISE"},"content":{"rendered":"\t\t<div data-elementor-type=\"wp-page\" data-elementor-id=\"529\" class=\"elementor elementor-529\" data-elementor-post-type=\"page\">\n\t\t\t\t<div class=\"elementor-element elementor-element-b78a833 e-flex e-con-boxed e-con e-parent\" data-id=\"b78a833\" data-element_type=\"container\" data-e-type=\"container\">\n\t\t\t\t\t<div class=\"e-con-inner\">\n\t\t\t\t<div class=\"elementor-element elementor-element-3a85754 elementor-widget elementor-widget-text-editor\" data-id=\"3a85754\" data-element_type=\"widget\" data-e-type=\"widget\" data-widget_type=\"text-editor.default\">\n\t\t\t\t<div class=\"elementor-widget-container\">\n\t\t\t\t\t\t\t\t\t<h1 data-start=\"101\" data-end=\"114\">Impressum<\/h1><p data-start=\"116\" data-end=\"304\"><strong data-start=\"116\" data-end=\"132\">FOCUS FINANZ<\/strong><br data-start=\"132\" data-end=\"135\" \/>Website: <a class=\"decorated-link\" href=\"https:\/\/focusfinanz.com\" target=\"_new\" rel=\"noopener\" data-start=\"144\" data-end=\"192\">https:\/\/focusfinanz.com<\/a><br data-start=\"192\" data-end=\"195\" \/>Telefon: (+41) 961 690 179<br data-start=\"221\" data-end=\"224\" \/>E-Mail: <a class=\"decorated-link cursor-pointer\" rel=\"noopener\" data-start=\"232\" data-end=\"254\">Kontakt@focusfinanz.com<\/a><br data-start=\"254\" data-end=\"257\" \/>Adresse: Grand-Rue 53, 1700 Fribourg, Schweiz<\/p><hr data-start=\"306\" data-end=\"309\" \/><h2 data-start=\"311\" data-end=\"339\">Herausgeber der Website<\/h2><p data-start=\"340\" data-end=\"478\">Diese Website wird herausgegeben von <strong data-start=\"377\" data-end=\"393\">FOCUS FINANZ<\/strong>, einem Unternehmen, das auf Finanzdienstleistungen und Beratung spezialisiert ist.<\/p><hr data-start=\"480\" data-end=\"483\" \/><h2 data-start=\"485\" data-end=\"509\">Hosting der Website<\/h2><p data-start=\"510\" data-end=\"697\">Die Website <a class=\"decorated-link\" href=\"https:\/\/focusfinanz.com\" target=\"_new\" rel=\"noopener\" data-start=\"522\" data-end=\"570\">https:\/\/focusfinanz.com<\/a> wird gehostet von<\/p><hr data-start=\"699\" data-end=\"702\" \/><h2 data-start=\"704\" data-end=\"727\">Geistiges Eigentum<\/h2><p data-start=\"728\" data-end=\"1120\">Alle Inhalte dieser Website (Texte, Bilder, Grafiken, Logos, Symbole, Videos usw.) sind, sofern nicht anders angegeben, das ausschlie\u00dfliche Eigentum von <strong data-start=\"881\" data-end=\"897\">FOCUS FINANZ<\/strong>.<br data-start=\"898\" data-end=\"901\" \/>Jegliche Vervielf\u00e4ltigung, Darstellung, \u00c4nderung, Ver\u00f6ffentlichung, \u00dcbermittlung oder Anpassung \u2013 ganz oder teilweise \u2013 der Website oder ihrer Inhalte ist ohne vorherige schriftliche Genehmigung strengstens untersagt.<\/p><hr data-start=\"1122\" data-end=\"1125\" \/><h2 data-start=\"1127\" data-end=\"1152\">Haftungsbeschr\u00e4nkung<\/h2><p data-start=\"1153\" data-end=\"1527\">Die auf dieser Website bereitgestellten Informationen dienen ausschlie\u00dflich allgemeinen und informativen Zwecken.<br data-start=\"1266\" data-end=\"1269\" \/><strong data-start=\"1269\" data-end=\"1285\">FOCUS FINANZ<\/strong> bem\u00fcht sich um die Richtigkeit und Aktualit\u00e4t der bereitgestellten Informationen, \u00fcbernimmt jedoch keine Gew\u00e4hr f\u00fcr deren Vollst\u00e4ndigkeit oder Fehlerfreiheit.<br data-start=\"1444\" data-end=\"1447\" \/>Die Nutzung dieser Informationen erfolgt auf eigene Verantwortung des Nutzers.<\/p><hr data-start=\"1529\" data-end=\"1532\" \/><h2 data-start=\"1534\" data-end=\"1550\">Datenschutz<\/h2><p data-start=\"1551\" data-end=\"2102\">Gem\u00e4\u00df dem Schweizer Datenschutzgesetz (DSG) werden die \u00fcber diese Website erhobenen Daten (Kontaktformular, Informationsanfrage usw.) vertraulich behandelt und ausschlie\u00dflich im Rahmen der von <strong data-start=\"1744\" data-end=\"1760\">FOCUS FINANZ<\/strong> angebotenen Dienstleistungen verwendet.<br data-start=\"1800\" data-end=\"1803\" \/>Personenbezogene Daten werden ohne Ihre ausdr\u00fcckliche Zustimmung nicht an Dritte weitergegeben, es sei denn, es besteht eine gesetzliche Verpflichtung.<br data-start=\"1954\" data-end=\"1957\" \/>Sie haben das Recht auf Auskunft, Berichtigung und L\u00f6schung Ihrer Daten. Bitte kontaktieren Sie uns dazu per E-Mail an: <a class=\"decorated-link cursor-pointer\" rel=\"noopener\" data-start=\"2077\" data-end=\"2099\">Kontakt@focufinanz.com<\/a>.<\/p><hr data-start=\"2104\" data-end=\"2107\" \/><h2 data-start=\"2109\" data-end=\"2131\">Anwendbares Recht<\/h2><p data-start=\"2132\" data-end=\"2309\">Dieses Impressum unterliegt dem Schweizer Recht.<br data-start=\"2180\" data-end=\"2183\" \/>Im Streitfall sind, sofern keine g\u00fctliche Einigung erzielt wird, ausschlie\u00dflich die Gerichte des Kantons Freiburg zust\u00e4ndig.<\/p>\t\t\t\t\t\t\t\t<\/div>\n\t\t\t\t<\/div>\n\t\t\t\t\t<\/div>\n\t\t\t\t<\/div>\n\t\t\t\t<\/div>\n\t\t","protected":false},"excerpt":{"rendered":"<p>Impressum FOCUS FINANZWebsite: https:\/\/focusfinanz.comTelefon: (+41) 961 690 179E-Mail: Kontakt@focusfinanz.comAdresse: Grand-Rue 53, 1700 Fribourg, Schweiz Herausgeber der Website Diese Website wird herausgegeben von FOCUS FINANZ, einem Unternehmen, das auf Finanzdienstleistungen und Beratung spezialisiert ist. Hosting der Website Die Website https:\/\/focusfinanz.com wird gehostet von Geistiges Eigentum Alle Inhalte dieser Website (Texte, Bilder, Grafiken, Logos, Symbole, Videos usw.) [&hellip;]<\/p>\n","protected":false},"author":1,"featured_media":0,"parent":0,"menu_order":0,"comment_status":"closed","ping_status":"closed","template":"","meta":{"footnotes":""},"class_list":["post-529","page","type-page","status-publish","hentry"],"_links":{"self":[{"href":"https:\/\/focusfinanz.com\/index.php\/wp-json\/wp\/v2\/pages\/529","targetHints":{"allow":["GET"]}}],"collection":[{"href":"https:\/\/focusfinanz.com\/index.php\/wp-json\/wp\/v2\/pages"}],"about":[{"href":"https:\/\/focusfinanz.com\/index.php\/wp-json\/wp\/v2\/types\/page"}],"author":[{"embeddable":true,"href":"https:\/\/focusfinanz.com\/index.php\/wp-json\/wp\/v2\/users\/1"}],"replies":[{"embeddable":true,"href":"https:\/\/focusfinanz.com\/index.php\/wp-json\/wp\/v2\/comments?post=529"}],"version-history":[{"count":11,"href":"https:\/\/focusfinanz.com\/index.php\/wp-json\/wp\/v2\/pages\/529\/revisions"}],"predecessor-version":[{"id":3142,"href":"https:\/\/focusfinanz.com\/index.php\/wp-json\/wp\/v2\/pages\/529\/revisions\/3142"}],"wp:attachment":[{"href":"https:\/\/focusfinanz.com\/index.php\/wp-json\/wp\/v2\/media?parent=529"}],"curies":[{"name":"wp","href":"https:\/\/api.w.org\/{rel}","templated":true}]}}