{"id":566,"date":"2020-09-08T09:22:44","date_gmt":"2020-09-08T09:22:44","guid":{"rendered":"http:\/\/wpdemo.archiwp.com\/maxbizz\/?page_id=566"},"modified":"2025-09-16T12:14:09","modified_gmt":"2025-09-16T10:14:09","slug":"faqs","status":"publish","type":"page","link":"https:\/\/focusfinanz.com\/index.php\/faqs\/","title":{"rendered":"FAQs"},"content":{"rendered":"\t\t<div data-elementor-type=\"wp-page\" data-elementor-id=\"566\" class=\"elementor elementor-566\" data-elementor-post-type=\"page\">\n\t\t\t\t\t\t<section class=\"elementor-section elementor-top-section elementor-element elementor-element-1fad6c2 elementor-section-boxed elementor-section-height-default elementor-section-height-default\" data-id=\"1fad6c2\" data-element_type=\"section\" data-e-type=\"section\">\n\t\t\t\t\t\t<div class=\"elementor-container elementor-column-gap-default\">\n\t\t\t\t\t<div class=\"elementor-column elementor-col-100 elementor-top-column elementor-element elementor-element-cfef8fb ot-flex-column-vertical\" data-id=\"cfef8fb\" data-element_type=\"column\" data-e-type=\"column\">\n\t\t\t<div class=\"elementor-widget-wrap elementor-element-populated\">\n\t\t\t\t\t\t<section class=\"elementor-section elementor-inner-section elementor-element elementor-element-b29ca39 elementor-section-full_width elementor-section-height-default elementor-section-height-default\" data-id=\"b29ca39\" data-element_type=\"section\" data-e-type=\"section\">\n\t\t\t\t\t\t<div class=\"elementor-container elementor-column-gap-default\">\n\t\t\t\t\t<div class=\"elementor-column elementor-col-33 elementor-inner-column elementor-element elementor-element-3d04547 ot-flex-column-vertical\" data-id=\"3d04547\" data-element_type=\"column\" data-e-type=\"column\">\n\t\t\t<div class=\"elementor-widget-wrap\">\n\t\t\t\t\t\t\t<\/div>\n\t\t<\/div>\n\t\t\t\t<div class=\"elementor-column elementor-col-33 elementor-inner-column elementor-element elementor-element-ba86566 ot-flex-column-vertical\" data-id=\"ba86566\" data-element_type=\"column\" data-e-type=\"column\">\n\t\t\t<div class=\"elementor-widget-wrap elementor-element-populated\">\n\t\t\t\t\t\t<div class=\"elementor-element elementor-element-4865c99 elementor-widget elementor-widget-iheading\" data-id=\"4865c99\" data-element_type=\"widget\" data-e-type=\"widget\" data-widget_type=\"iheading.default\">\n\t\t\t\t<div class=\"elementor-widget-container\">\n\t\t\t\t\t\t\t<div class=\"ot-heading\">\r\n\t        <span class=\"is_highlight\">faqs<\/span>\t        <h2 class=\"main-head\">H\u00e4ufig gestellte Fragen<\/h2>\t    <\/div>\r\n\t    \t\t\t\t<\/div>\n\t\t\t\t<\/div>\n\t\t\t\t<div class=\"elementor-element elementor-element-f714140 elementor-widget elementor-widget-text-editor\" data-id=\"f714140\" data-element_type=\"widget\" data-e-type=\"widget\" data-widget_type=\"text-editor.default\">\n\t\t\t\t<div class=\"elementor-widget-container\">\n\t\t\t\t\t\t\t\t\t<p>Hier sind die h\u00e4ufigsten Fragen (FAQ) f\u00fcr FOCUS FINANZ mit Antworten<\/p>\t\t\t\t\t\t\t\t<\/div>\n\t\t\t\t<\/div>\n\t\t\t\t\t<\/div>\n\t\t<\/div>\n\t\t\t\t<div class=\"elementor-column elementor-col-33 elementor-inner-column elementor-element elementor-element-af5bfe2 ot-flex-column-vertical\" data-id=\"af5bfe2\" data-element_type=\"column\" data-e-type=\"column\">\n\t\t\t<div class=\"elementor-widget-wrap\">\n\t\t\t\t\t\t\t<\/div>\n\t\t<\/div>\n\t\t\t\t\t<\/div>\n\t\t<\/section>\n\t\t\t\t<section class=\"elementor-section elementor-inner-section elementor-element elementor-element-0e107ea elementor-section-full_width elementor-section-height-default elementor-section-height-default\" data-id=\"0e107ea\" data-element_type=\"section\" data-e-type=\"section\">\n\t\t\t\t\t\t<div class=\"elementor-container elementor-column-gap-extended\">\n\t\t\t\t\t<div class=\"elementor-column elementor-col-50 elementor-inner-column elementor-element elementor-element-531351e ot-flex-column-vertical\" data-id=\"531351e\" data-element_type=\"column\" data-e-type=\"column\">\n\t\t\t<div class=\"elementor-widget-wrap elementor-element-populated\">\n\t\t\t\t\t\t<div class=\"elementor-element elementor-element-2e8ff7b elementor-widget elementor-widget-iaccordions\" data-id=\"2e8ff7b\" data-element_type=\"widget\" data-e-type=\"widget\" data-widget_type=\"iaccordions.default\">\n\t\t\t\t<div class=\"elementor-widget-container\">\n\t\t\t\t\t\r\n\t\t<div class=\"ot-accordions\">\r\n\t\t\t\t\t\t<div class=\"acc-item\">\r\n\t\t\t\t<div class=\"acc-toggle flex-middle\" data-default=\"yes\">1. Wer ist FOCUS Finanz? \r\n\t\t\t\t\t<i class=\"ot-flaticon-arrowsoutline\"><\/i>\r\n\t\t\t\t<\/div>\r\n\t\t\t\t<div class=\"acc-content\">\r\n\t\t\t\t\t<p class=\"ds-markdown-paragraph\">FOCUS Finanz ist eine unabh\u00e4ngige Schweizer Plattform f\u00fcr Kredite. Wir helfen Privatpersonen, Studierenden, Landwirten und Unternehmen dabei, die passende Finanzierungsl\u00f6sung zu finden.<\/p>\t\t\t\t<\/div>\r\n\t\t\t<\/div>\r\n\t\t\t\t\t\t<div class=\"acc-item\">\r\n\t\t\t\t<div class=\"acc-toggle flex-middle\" data-default=\"\">2. Welche Arten von Krediten bietet FOCUS Finanz an? \r\n\t\t\t\t\t<i class=\"ot-flaticon-arrowsoutline\"><\/i>\r\n\t\t\t\t<\/div>\r\n\t\t\t\t<div class=\"acc-content\">\r\n\t\t\t\t\t<p class=\"ds-markdown-paragraph\">Wir bieten verschiedene Kreditarten: <strong data-start=\"605\" data-end=\"693\">Agrarkredite, Autokredite, Immobilienkredite, Studienkredite und Investitionskredite<\/strong>.<\/p>\t\t\t\t<\/div>\r\n\t\t\t<\/div>\r\n\t\t\t\t\t\t<div class=\"acc-item\">\r\n\t\t\t\t<div class=\"acc-toggle flex-middle\" data-default=\"\">3. Wer kann einen Kredit beantragen? \r\n\t\t\t\t\t<i class=\"ot-flaticon-arrowsoutline\"><\/i>\r\n\t\t\t\t<\/div>\r\n\t\t\t\t<div class=\"acc-content\">\r\n\t\t\t\t\t<p class=\"ds-markdown-paragraph\">Alle in der Schweiz wohnhaften Personen sowie Unternehmen mit Sitz in der Schweiz k\u00f6nnen einen Kreditantrag stellen.<\/p>\t\t\t\t<\/div>\r\n\t\t\t<\/div>\r\n\t\t\t\t\t\t<div class=\"acc-item\">\r\n\t\t\t\t<div class=\"acc-toggle flex-middle\" data-default=\"\">4. Wie hoch kann der Kreditbetrag sein? \r\n\t\t\t\t\t<i class=\"ot-flaticon-arrowsoutline\"><\/i>\r\n\t\t\t\t<\/div>\r\n\t\t\t\t<div class=\"acc-content\">\r\n\t\t\t\t\t<ul><li><p class=\"ds-markdown-paragraph\">Der Kreditbetrag h\u00e4ngt von Ihrer finanziellen Situation ab. In der Regel sind Kredite zwischen <strong data-start=\"1002\" data-end=\"1031\">CHF 3'000 und CHF 500'000<\/strong> m\u00f6glich.<\/p><\/li><\/ul>\t\t\t\t<\/div>\r\n\t\t\t<\/div>\r\n\t\t\t\t\t\t<div class=\"acc-item\">\r\n\t\t\t\t<div class=\"acc-toggle flex-middle\" data-default=\"\">5. Welche Voraussetzungen muss ich erf\u00fcllen? \r\n\t\t\t\t\t<i class=\"ot-flaticon-arrowsoutline\"><\/i>\r\n\t\t\t\t<\/div>\r\n\t\t\t\t<div class=\"acc-content\">\r\n\t\t\t\t\t<p data-start=\"1095\" data-end=\"1108\">Sie m\u00fcssen:<\/p><ul data-start=\"1109\" data-end=\"1231\"><li data-start=\"1109\" data-end=\"1141\"><p data-start=\"1111\" data-end=\"1141\">mindestens 18 Jahre alt sein<\/p><\/li><li data-start=\"1142\" data-end=\"1188\"><p data-start=\"1144\" data-end=\"1188\">einen festen Wohnsitz in der Schweiz haben<\/p><\/li><li data-start=\"1189\" data-end=\"1231\"><p data-start=\"1191\" data-end=\"1231\">ein regelm\u00e4ssiges Einkommen nachweisen<\/p><\/li><\/ul>\t\t\t\t<\/div>\r\n\t\t\t<\/div>\r\n\t\t\t\t\t\t<div class=\"acc-item\">\r\n\t\t\t\t<div class=\"acc-toggle flex-middle\" data-default=\"\">6. Kann ich auch ohne unbefristeten Arbeitsvertrag einen Kredit erhalten? \r\n\t\t\t\t\t<i class=\"ot-flaticon-arrowsoutline\"><\/i>\r\n\t\t\t\t<\/div>\r\n\t\t\t\t<div class=\"acc-content\">\r\n\t\t\t\t\t<p>Ja, in vielen F\u00e4llen ist das m\u00f6glich. Unsere Berater pr\u00fcfen Ihre individuelle Situation.<\/p>\t\t\t\t<\/div>\r\n\t\t\t<\/div>\r\n\t\t\t\t\t\t<div class=\"acc-item\">\r\n\t\t\t\t<div class=\"acc-toggle flex-middle\" data-default=\"\">7. Wie lange dauert die Kreditpr\u00fcfung? \r\n\t\t\t\t\t<i class=\"ot-flaticon-arrowsoutline\"><\/i>\r\n\t\t\t\t<\/div>\r\n\t\t\t\t<div class=\"acc-content\">\r\n\t\t\t\t\t<p>In der Regel dauert die Kreditpr\u00fcfung zwischen <strong data-start=\"1497\" data-end=\"1518\">24 und 48 Stunden<\/strong>.<\/p>\t\t\t\t<\/div>\r\n\t\t\t<\/div>\r\n\t\t\t\t\t\t<div class=\"acc-item\">\r\n\t\t\t\t<div class=\"acc-toggle flex-middle\" data-default=\"\">8. Fallen Geb\u00fchren f\u00fcr die Kreditanfrage an? \r\n\t\t\t\t\t<i class=\"ot-flaticon-arrowsoutline\"><\/i>\r\n\t\t\t\t<\/div>\r\n\t\t\t\t<div class=\"acc-content\">\r\n\t\t\t\t\t<p>Nein. Die Kreditanfrage bei FOCUS Finanz ist <strong data-start=\"1619\" data-end=\"1650\">kostenlos und unverbindlich<\/strong>.<\/p>\t\t\t\t<\/div>\r\n\t\t\t<\/div>\r\n\t\t\t\t\t\t<div class=\"acc-item\">\r\n\t\t\t\t<div class=\"acc-toggle flex-middle\" data-default=\"\">9. Kann ich den Kredit jederzeit zur\u00fcckzahlen? \r\n\t\t\t\t\t<i class=\"ot-flaticon-arrowsoutline\"><\/i>\r\n\t\t\t\t<\/div>\r\n\t\t\t\t<div class=\"acc-content\">\r\n\t\t\t\t\t<p data-start=\"1708\" data-end=\"1794\">Ja, eine vorzeitige R\u00fcckzahlung ist jederzeit m\u00f6glich \u2013 oft sogar ohne Zusatzkosten.<\/p><h3 data-start=\"1796\" data-end=\"1831\">\u00a0<\/h3>\t\t\t\t<\/div>\r\n\t\t\t<\/div>\r\n\t\t\t\t\t\t<div class=\"acc-item\">\r\n\t\t\t\t<div class=\"acc-toggle flex-middle\" data-default=\"\">10. Wie hoch sind die Zinsen? \r\n\t\t\t\t\t<i class=\"ot-flaticon-arrowsoutline\"><\/i>\r\n\t\t\t\t<\/div>\r\n\t\t\t\t<div class=\"acc-content\">\r\n\t\t\t\t\t<p>Die Zinss\u00e4tze richten sich nach der Bonit\u00e4t des Kunden, der Kredith\u00f6he und der Laufzeit. Wir bieten stets <strong data-start=\"1938\" data-end=\"1976\">faire und transparente Konditionen<\/strong>.<\/p>\t\t\t\t<\/div>\r\n\t\t\t<\/div>\r\n\t\t\t\t    <\/div>\r\n\r\n\t    \t\t\t\t<\/div>\n\t\t\t\t<\/div>\n\t\t\t\t\t<\/div>\n\t\t<\/div>\n\t\t\t\t<div class=\"elementor-column elementor-col-50 elementor-inner-column elementor-element elementor-element-a627a5f ot-flex-column-vertical\" data-id=\"a627a5f\" data-element_type=\"column\" data-e-type=\"column\">\n\t\t\t<div class=\"elementor-widget-wrap elementor-element-populated\">\n\t\t\t\t\t\t<div class=\"elementor-element elementor-element-8463953 elementor-widget elementor-widget-iaccordions\" data-id=\"8463953\" data-element_type=\"widget\" data-e-type=\"widget\" data-widget_type=\"iaccordions.default\">\n\t\t\t\t<div class=\"elementor-widget-container\">\n\t\t\t\t\t\r\n\t\t<div class=\"ot-accordions\">\r\n\t\t\t\t\t\t<div class=\"acc-item\">\r\n\t\t\t\t<div class=\"acc-toggle flex-middle\" data-default=\"yes\">11. Bietet FOCUS Finanz auch Kredite f\u00fcr Studierende an? \r\n\t\t\t\t\t<i class=\"ot-flaticon-arrowsoutline\"><\/i>\r\n\t\t\t\t<\/div>\r\n\t\t\t\t<div class=\"acc-content\">\r\n\t\t\t\t\t<ul><li><p class=\"ds-markdown-paragraph\">Ja, wir bieten spezielle <strong data-start=\"2069\" data-end=\"2087\">Studienkredite<\/strong> mit flexiblen R\u00fcckzahlungsmodellen an.<\/p><\/li><\/ul>\t\t\t\t<\/div>\r\n\t\t\t<\/div>\r\n\t\t\t\t\t\t<div class=\"acc-item\">\r\n\t\t\t\t<div class=\"acc-toggle flex-middle\" data-default=\"\">12. Gibt es Kredite f\u00fcr Selbst\u00e4ndige und Unternehmen? \r\n\t\t\t\t\t<i class=\"ot-flaticon-arrowsoutline\"><\/i>\r\n\t\t\t\t<\/div>\r\n\t\t\t\t<div class=\"acc-content\">\r\n\t\t\t\t\t<p>Ja, mit unseren <strong data-start=\"2206\" data-end=\"2230\">Investitionskrediten<\/strong> unterst\u00fctzen wir Unternehmer und Firmen bei Wachstum, Modernisierung oder Liquidit\u00e4tsbedarf.<\/p>\t\t\t\t<\/div>\r\n\t\t\t<\/div>\r\n\t\t\t\t\t\t<div class=\"acc-item\">\r\n\t\t\t\t<div class=\"acc-toggle flex-middle\" data-default=\"\">13. Kann ich mehrere Kredite zusammenfassen? \r\n\t\t\t\t\t<i class=\"ot-flaticon-arrowsoutline\"><\/i>\r\n\t\t\t\t<\/div>\r\n\t\t\t\t<div class=\"acc-content\">\r\n\t\t\t\t\t<p class=\"ds-markdown-paragraph\">Ja, \u00fcber unsere Plattform k\u00f6nnen Sie bestehende Kredite in einem einzigen Kredit b\u00fcndeln (<strong data-start=\"2468\" data-end=\"2492\">Kreditkonsolidierung<\/strong>).<\/p>\t\t\t\t<\/div>\r\n\t\t\t<\/div>\r\n\t\t\t\t\t\t<div class=\"acc-item\">\r\n\t\t\t\t<div class=\"acc-toggle flex-middle\" data-default=\"\">14. Muss ich Sicherheiten hinterlegen? \r\n\t\t\t\t\t<i class=\"ot-flaticon-arrowsoutline\"><\/i>\r\n\t\t\t\t<\/div>\r\n\t\t\t\t<div class=\"acc-content\">\r\n\t\t\t\t\t<p>In den meisten F\u00e4llen sind keine Sicherheiten erforderlich. Der Entscheid h\u00e4ngt jedoch von der Kredith\u00f6he und Bonit\u00e4t ab.<\/p>\t\t\t\t<\/div>\r\n\t\t\t<\/div>\r\n\t\t\t\t\t\t<div class=\"acc-item\">\r\n\t\t\t\t<div class=\"acc-toggle flex-middle\" data-default=\"\">15. Wie lange sind die Laufzeiten der Kredite? \r\n\t\t\t\t\t<i class=\"ot-flaticon-arrowsoutline\"><\/i>\r\n\t\t\t\t<\/div>\r\n\t\t\t\t<div class=\"acc-content\">\r\n\t\t\t\t\t<ul><li><p class=\"ds-markdown-paragraph\">Die Laufzeiten variieren zwischen <strong data-start=\"2755\" data-end=\"2777\">12 und 180 Monaten<\/strong>, abh\u00e4ngig vom Kredittyp und Ihren Bed\u00fcrfnissen.<\/p><\/li><li>\u00a0<\/li><\/ul>\t\t\t\t<\/div>\r\n\t\t\t<\/div>\r\n\t\t\t\t\t\t<div class=\"acc-item\">\r\n\t\t\t\t<div class=\"acc-toggle flex-middle\" data-default=\"\">16. Kann ich auch mit einem befristeten Aufenthaltstitel einen Kredit beantragen? \r\n\t\t\t\t\t<i class=\"ot-flaticon-arrowsoutline\"><\/i>\r\n\t\t\t\t<\/div>\r\n\t\t\t\t<div class=\"acc-content\">\r\n\t\t\t\t\t<p>Ja, das ist m\u00f6glich, sofern Ihr Aufenthaltstitel g\u00fcltig und ein regelm\u00e4ssiges Einkommen vorhanden ist.<\/p>\t\t\t\t<\/div>\r\n\t\t\t<\/div>\r\n\t\t\t\t\t\t<div class=\"acc-item\">\r\n\t\t\t\t<div class=\"acc-toggle flex-middle\" data-default=\"\">17. Sind meine Daten bei FOCUS Finanz sicher? \r\n\t\t\t\t\t<i class=\"ot-flaticon-arrowsoutline\"><\/i>\r\n\t\t\t\t<\/div>\r\n\t\t\t\t<div class=\"acc-content\">\r\n\t\t\t\t\t<p>Ja, der Datenschutz ist uns sehr wichtig. Alle Daten werden <strong data-start=\"3135\" data-end=\"3152\">verschl\u00fcsselt<\/strong> und vertraulich behandelt.<\/p>\t\t\t\t<\/div>\r\n\t\t\t<\/div>\r\n\t\t\t\t\t\t<div class=\"acc-item\">\r\n\t\t\t\t<div class=\"acc-toggle flex-middle\" data-default=\"\">18. Wie unterscheidet sich FOCUS Finanz von einer Bank? \r\n\t\t\t\t\t<i class=\"ot-flaticon-arrowsoutline\"><\/i>\r\n\t\t\t\t<\/div>\r\n\t\t\t\t<div class=\"acc-content\">\r\n\t\t\t\t\t<p>Wir sind <strong data-start=\"3254\" data-end=\"3268\">unabh\u00e4ngig<\/strong> und arbeiten mit mehreren Partnerbanken zusammen. So k\u00f6nnen wir f\u00fcr Sie die besten Konditionen vergleichen.<\/p>\t\t\t\t<\/div>\r\n\t\t\t<\/div>\r\n\t\t\t\t\t\t<div class=\"acc-item\">\r\n\t\t\t\t<div class=\"acc-toggle flex-middle\" data-default=\"\">19. Was passiert, wenn mein Kreditantrag abgelehnt wird? \r\n\t\t\t\t\t<i class=\"ot-flaticon-arrowsoutline\"><\/i>\r\n\t\t\t\t<\/div>\r\n\t\t\t\t<div class=\"acc-content\">\r\n\t\t\t\t\t<p>Unsere Berater pr\u00fcfen alternative M\u00f6glichkeiten und suchen eine L\u00f6sung, die besser zu Ihrer Situation passt.<\/p>\t\t\t\t<\/div>\r\n\t\t\t<\/div>\r\n\t\t\t\t\t\t<div class=\"acc-item\">\r\n\t\t\t\t<div class=\"acc-toggle flex-middle\" data-default=\"\">20. Wie kann ich einen Kreditantrag stellen? \r\n\t\t\t\t\t<i class=\"ot-flaticon-arrowsoutline\"><\/i>\r\n\t\t\t\t<\/div>\r\n\t\t\t\t<div class=\"acc-content\">\r\n\t\t\t\t\t<p>Ganz einfach online \u00fcber unser Formular auf der Website oder telefonisch mit Unterst\u00fctzung durch einen unserer Berater.<\/p>\t\t\t\t<\/div>\r\n\t\t\t<\/div>\r\n\t\t\t\t    <\/div>\r\n\r\n\t    \t\t\t\t<\/div>\n\t\t\t\t<\/div>\n\t\t\t\t\t<\/div>\n\t\t<\/div>\n\t\t\t\t\t<\/div>\n\t\t<\/section>\n\t\t\t\t\t<\/div>\n\t\t<\/div>\n\t\t\t\t\t<\/div>\n\t\t<\/section>\n\t\t\t\t<\/div>\n\t\t","protected":false},"excerpt":{"rendered":"<p>faqs H\u00e4ufig gestellte Fragen Hier sind die h\u00e4ufigsten Fragen (FAQ) f\u00fcr FOCUS FINANZ mit Antworten 1. Wer ist FOCUS Finanz? FOCUS Finanz ist eine unabh\u00e4ngige Schweizer Plattform f\u00fcr Kredite. Wir helfen Privatpersonen, Studierenden, Landwirten und Unternehmen dabei, die passende Finanzierungsl\u00f6sung zu finden. 2. Welche Arten von Krediten bietet FOCUS Finanz an? Wir bieten verschiedene Kreditarten: [&hellip;]<\/p>\n","protected":false},"author":1,"featured_media":0,"parent":0,"menu_order":0,"comment_status":"closed","ping_status":"closed","template":"","meta":{"footnotes":""},"class_list":["post-566","page","type-page","status-publish","hentry"],"_links":{"self":[{"href":"https:\/\/focusfinanz.com\/index.php\/wp-json\/wp\/v2\/pages\/566","targetHints":{"allow":["GET"]}}],"collection":[{"href":"https:\/\/focusfinanz.com\/index.php\/wp-json\/wp\/v2\/pages"}],"about":[{"href":"https:\/\/focusfinanz.com\/index.php\/wp-json\/wp\/v2\/types\/page"}],"author":[{"embeddable":true,"href":"https:\/\/focusfinanz.com\/index.php\/wp-json\/wp\/v2\/users\/1"}],"replies":[{"embeddable":true,"href":"https:\/\/focusfinanz.com\/index.php\/wp-json\/wp\/v2\/comments?post=566"}],"version-history":[{"count":63,"href":"https:\/\/focusfinanz.com\/index.php\/wp-json\/wp\/v2\/pages\/566\/revisions"}],"predecessor-version":[{"id":3018,"href":"https:\/\/focusfinanz.com\/index.php\/wp-json\/wp\/v2\/pages\/566\/revisions\/3018"}],"wp:attachment":[{"href":"https:\/\/focusfinanz.com\/index.php\/wp-json\/wp\/v2\/media?parent=566"}],"curies":[{"name":"wp","href":"https:\/\/api.w.org\/{rel}","templated":true}]}}